{"id":3028,"date":"2023-10-18T11:32:14","date_gmt":"2023-10-18T11:32:14","guid":{"rendered":"https:\/\/stc.al\/wp\/?page_id=3028"},"modified":"2023-11-16T16:07:01","modified_gmt":"2023-11-16T15:07:01","slug":"home-2","status":"publish","type":"page","link":"https:\/\/stc.al\/sq\/company\/home-2\/","title":{"rendered":"Fuqizojm\u00eb Projektet Energjitike drejt Suksesit"},"content":{"rendered":"<p class=\"gutenify-section-c836a460-6f38-11ee-8d58-45fb0b825dd6\">Ne n\u00eb STC, jemi t\u00eb specializuar n\u00eb ofrimin e zgjidhjeve gjith\u00ebp\u00ebrfshir\u00ebse p\u00ebr bizneset n\u00eb sektorin e energjis\u00eb. Me nj\u00eb ekip profesionist\u00ebsh dhe nj\u00eb eksperience t\u00eb gjat\u00eb n\u00eb tregjet energjitike, ne jemi t\u00eb p\u00ebrkushtuar t'i ndihmojm\u00eb klient\u00ebt t\u00eb kap\u00ebrcejn\u00eb kompleksitetet e projekteve energjitike,  tregtimit t\u00eb energjis\u00eb dhe t\u00eb pajtueshm\u00ebris\u00eb me entet rregullatore.<\/p>\n\n\n\n<p><\/p>\n\n\n\n<h3 class=\"wp-block-heading\">What are our fields of expertise:<\/h3>\n\n\n\n<ul class=\"wp-block-list\">\n<li><strong>Energy Trading <\/strong><\/li>\n\n\n\n<li><strong>Guarantee of Origin Certificate<\/strong><\/li>\n\n\n\n<li><strong>Impiante Hidroelektrike ose Hidrocentrale (HEC)<\/strong> <strong>Project Development<\/strong><\/li>\n\n\n\n<li><strong>Regulatory Compliance &amp; Policy Advocacy<\/strong><\/li>\n\n\n\n<li><strong>Insurance Brokerage <\/strong><\/li>\n\n\n\n<li><strong>Administrative and paperwork support<\/strong> <strong>for obtaining the concession and\/or PPP contract for the construction of Hydro, Wind, Solar based IPPs projects\u00a0<\/strong><\/li>\n<\/ul>\n\n\n\n<p><\/p>\n\n\n\n<h3 class=\"wp-block-heading\">Check out services we provide:<\/h3>\n\n\n\n<ul class=\"wp-block-list\">\n<li><a href=\"https:\/\/stc.al\/sq\/services\/energy-projects\/\">Projekte n\u00eb Impiante Energjitike<\/a> <\/li>\n\n\n\n<li><a href=\"https:\/\/stc.al\/sq\/services\/power-trading-supply\/\">Tregetim &amp; furnizim me energji elektrike<\/a> <\/li>\n\n\n\n<li><a href=\"https:\/\/stc.al\/sq\/services\/other-non-energy-services\/\">Sh\u00ebrbime t\u00eb tjera n\u00eb fush\u00ebn e energjis\u00eb<\/a> <\/li>\n\n\n\n<li><a href=\"https:\/\/stc.al\/sq\/services\/administrative-support-2\/\">Sherbime Administrative<\/a> <\/li>\n\n\n\n<li><a href=\"https:\/\/stc.al\/sq\/services\/administrative-support\/\">Brokerim ne Sigurime<\/a><\/li>\n<\/ul>","protected":false},"excerpt":{"rendered":"<p>At STC, we specialize in providing comprehensive solutions for businesses in the energy sector. With [&hellip;]<\/p>\n","protected":false},"author":1,"featured_media":3090,"parent":45,"menu_order":0,"comment_status":"closed","ping_status":"closed","template":"","meta":{"footnotes":""},"class_list":["post-3028","page","type-page","status-publish","has-post-thumbnail","hentry"],"_links":{"self":[{"href":"https:\/\/stc.al\/sq\/wp-json\/wp\/v2\/pages\/3028","targetHints":{"allow":["GET"]}}],"collection":[{"href":"https:\/\/stc.al\/sq\/wp-json\/wp\/v2\/pages"}],"about":[{"href":"https:\/\/stc.al\/sq\/wp-json\/wp\/v2\/types\/page"}],"author":[{"embeddable":true,"href":"https:\/\/stc.al\/sq\/wp-json\/wp\/v2\/users\/1"}],"replies":[{"embeddable":true,"href":"https:\/\/stc.al\/sq\/wp-json\/wp\/v2\/comments?post=3028"}],"version-history":[{"count":4,"href":"https:\/\/stc.al\/sq\/wp-json\/wp\/v2\/pages\/3028\/revisions"}],"predecessor-version":[{"id":3644,"href":"https:\/\/stc.al\/sq\/wp-json\/wp\/v2\/pages\/3028\/revisions\/3644"}],"up":[{"embeddable":true,"href":"https:\/\/stc.al\/sq\/wp-json\/wp\/v2\/pages\/45"}],"wp:featuredmedia":[{"embeddable":true,"href":"https:\/\/stc.al\/sq\/wp-json\/wp\/v2\/media\/3090"}],"wp:attachment":[{"href":"https:\/\/stc.al\/sq\/wp-json\/wp\/v2\/media?parent=3028"}],"curies":[{"name":"wp","href":"https:\/\/api.w.org\/{rel}","templated":true}]}}