{"id":3098,"date":"2023-10-18T15:10:14","date_gmt":"2023-10-18T13:10:14","guid":{"rendered":"https:\/\/stc.al\/wp\/?page_id=3098"},"modified":"2023-11-03T14:07:44","modified_gmt":"2023-11-03T13:07:44","slug":"energy-projects","status":"publish","type":"page","link":"https:\/\/stc.al\/sq\/services\/energy-projects\/","title":{"rendered":"Projekte n\u00eb Impiante Energjitike"},"content":{"rendered":"<p><em>N\u00eb nj\u00eb epok\u00eb ku q\u00ebndrueshm\u00ebria dhe zgjidhjet e energjis\u00eb s\u00eb past\u00ebr jan\u00eb par\u00ebsore, projektet energjetike t\u00eb termocentraleve jan\u00eb n\u00eb ball\u00eb t\u00eb ndryshimeve transformuese. K\u00ebto projekte jo vet\u00ebm trajtojn\u00eb k\u00ebrkes\u00ebn n\u00eb rritje globale p\u00ebr energji, por gjithashtu kontribuojn\u00eb ndjesh\u00ebm n\u00eb reduktimin e emetimeve t\u00eb karbonit. Le t\u00eb g\u00ebrmojm\u00eb n\u00eb bot\u00ebn e projekteve energjetike t\u00eb termocentraleve dhe t\u00eb eksplorojm\u00eb se si ato po formojn\u00eb nj\u00eb t\u00eb ardhme m\u00eb t\u00eb q\u00ebndrueshme.<\/em><\/p>\n\n\n\n<p><\/p>\n\n\n\n<h4 class=\"wp-block-heading\"><strong>Impiante t\u00eb Energjis\u00eb s\u00eb Rinovueshme<\/strong><\/h4>\n\n\n\n<ul class=\"wp-block-list\">\n<li>Impiante Fotovoltaike per Energji Diellore <\/li>\n\n\n\n<li>Impiante Eolike per prodhimin e energjise nepermjet eres <\/li>\n\n\n\n<li>Impiante Hidroelektrike ose Hidrocentrale (HEC)<\/li>\n<\/ul>\n\n\n\n<h3 class=\"wp-block-heading\"><strong>Pikat kryesore n\u00eb zhvillimin e projektit t\u00eb impianteve energjitike<\/strong><\/h3>\n\n\n\n<p><\/p>\n\n\n\n<ol class=\"wp-block-list\">\n<li><strong>Perzgjedhja e vendit ku do zhvillohet projekti (Tokes apo Burimit) dhe Studimi i Fizibilitetit<\/strong>\n<ul class=\"wp-block-list\">\n<li>Environmental Impact Assessments<\/li>\n\n\n\n<li>Resource Availability and Accessibility<\/li>\n<\/ul>\n<\/li>\n\n\n\n<li><strong>Perzgjedhja e Teknologjise qe do perdoret dhe Projektimi<\/strong>\n<ul class=\"wp-block-list\">\n<li>Efficiency and Output Capacity<\/li>\n\n\n\n<li>Integration of Advanced Technologies (e.g., Combined Heat and Power Systems)<\/li>\n<\/ul>\n<\/li>\n\n\n\n<li><strong>Perputhshmeria me Entin Rregullator ERE, si dhe Leje e Licensa<\/strong>\n<ul class=\"wp-block-list\">\n<li>Adherence to Local, National, and International Regulations<\/li>\n\n\n\n<li>Licensing and Permitting Processes<\/li>\n<\/ul>\n<\/li>\n\n\n\n<li><strong>Vleresimi dhe Minimizimi i Riskut<\/strong>\n<ul class=\"wp-block-list\">\n<li>Safety Protocols and Emergency Response Plans<\/li>\n\n\n\n<li>Contingency Planning for Unforeseen Events<\/li>\n<\/ul>\n<\/li>\n\n\n\n<li><strong>Q\u00ebndrueshm\u00ebria financiare dhe financimi<\/strong>\n<ul class=\"wp-block-list\">\n<li>Cost Estimates and Budgeting<\/li>\n\n\n\n<li>Financing Options and Investment Strategies<\/li>\n<\/ul>\n<\/li>\n<\/ol>\n\n\n\n<p><\/p>\n\n\n\n<h3 class=\"wp-block-heading\">Portofoli i plot\u00eb i sh\u00ebrbimeve tona<\/h3>\n\n\n\n<ul class=\"wp-block-list\">\n<li><a href=\"https:\/\/stc.al\/sq\/services\/energy-projects\/\">Projekte n\u00eb Impiante Energjitike<\/a><\/li>\n\n\n\n<li><a href=\"https:\/\/stc.al\/sq\/services\/power-trading-supply\/\">Tregetim &amp; furnizim me energji elektrike<\/a><\/li>\n\n\n\n<li><a href=\"https:\/\/stc.al\/sq\/services\/other-non-energy-services\/\">Sh\u00ebrbime t\u00eb tjera n\u00eb fush\u00ebn e energjis\u00eb<\/a><\/li>\n\n\n\n<li><a href=\"https:\/\/stc.al\/sq\/services\/administrative-support-2\/\">Sherbime Administrative<\/a><\/li>\n\n\n\n<li><a href=\"https:\/\/stc.al\/sq\/services\/administrative-support\/\">Brokerim ne Sigurime<\/a><\/li>\n<\/ul>","protected":false},"excerpt":{"rendered":"<p>In an era where sustainability and clean energy solutions are paramount, power plant energy projects [&hellip;]<\/p>\n","protected":false},"author":1,"featured_media":3173,"parent":3171,"menu_order":0,"comment_status":"closed","ping_status":"closed","template":"","meta":{"footnotes":""},"class_list":["post-3098","page","type-page","status-publish","has-post-thumbnail","hentry"],"_links":{"self":[{"href":"https:\/\/stc.al\/sq\/wp-json\/wp\/v2\/pages\/3098","targetHints":{"allow":["GET"]}}],"collection":[{"href":"https:\/\/stc.al\/sq\/wp-json\/wp\/v2\/pages"}],"about":[{"href":"https:\/\/stc.al\/sq\/wp-json\/wp\/v2\/types\/page"}],"author":[{"embeddable":true,"href":"https:\/\/stc.al\/sq\/wp-json\/wp\/v2\/users\/1"}],"replies":[{"embeddable":true,"href":"https:\/\/stc.al\/sq\/wp-json\/wp\/v2\/comments?post=3098"}],"version-history":[{"count":5,"href":"https:\/\/stc.al\/sq\/wp-json\/wp\/v2\/pages\/3098\/revisions"}],"predecessor-version":[{"id":3618,"href":"https:\/\/stc.al\/sq\/wp-json\/wp\/v2\/pages\/3098\/revisions\/3618"}],"up":[{"embeddable":true,"href":"https:\/\/stc.al\/sq\/wp-json\/wp\/v2\/pages\/3171"}],"wp:featuredmedia":[{"embeddable":true,"href":"https:\/\/stc.al\/sq\/wp-json\/wp\/v2\/media\/3173"}],"wp:attachment":[{"href":"https:\/\/stc.al\/sq\/wp-json\/wp\/v2\/media?parent=3098"}],"curies":[{"name":"wp","href":"https:\/\/api.w.org\/{rel}","templated":true}]}}