{"id":3100,"date":"2023-10-18T15:10:55","date_gmt":"2023-10-18T15:10:55","guid":{"rendered":"https:\/\/stc.al\/wp\/?page_id=3100"},"modified":"2023-11-03T14:07:50","modified_gmt":"2023-11-03T13:07:50","slug":"power-trading-supply","status":"publish","type":"page","link":"https:\/\/stc.al\/sq\/services\/power-trading-supply\/","title":{"rendered":"Tregetim &amp; furnizim me energji elektrike"},"content":{"rendered":"<p><em>Fuqizimi i portofolit tuaj t\u00eb energjis\u00eb me tregti strategjike dhe furnizim t\u00eb besuesh\u00ebm.<\/em>.<\/p>\n\n\n\n<p><\/p>\n\n\n\n<p>N\u00eb STC, ne ofrojm\u00eb nj\u00eb sh\u00ebrbim gjith\u00ebp\u00ebrfshir\u00ebs t\u00eb Tregtimit dhe Furnizimit me Energji, i krijuar p\u00ebr t\u00eb optimizuar strategjit\u00eb tuaja t\u00eb prokurimit t\u00eb energjis\u00eb dhe p\u00ebr t\u00eb siguruar nj\u00eb furnizim t\u00eb besuesh\u00ebm me energji elektrike p\u00ebr operacionet tuaja. Me ekspertiz\u00ebn ton\u00eb t\u00eb industris\u00eb dhe rrjetin e gjer\u00eb, ne jemi t\u00eb p\u00ebrkushtuar t'ju ndihmojm\u00eb t\u00eb lundroni n\u00eb kompleksitetin e tregut t\u00eb energjis\u00eb dhe t\u00eb arrini q\u00ebllimet tuaja t\u00eb energjis\u00eb.<\/p>\n\n\n\n<p><\/p>\n\n\n\n<p>Ekipi yn\u00eb i ekspert\u00ebve kryen analiza t\u00eb thelluara t\u00eb tregut p\u00ebr t\u00eb identifikuar mund\u00ebsit\u00eb p\u00ebr kursimin e kostos dhe zbutjen e rrezikut n\u00eb prokurimin e energjis\u00eb elektrike. Ne zhvillojm\u00eb strategji tregtare t\u00eb p\u00ebrshtatura n\u00eb p\u00ebrputhje me objektivat e biznesit tuaj.<\/p>\n\n\n\n<p><\/p>\n\n\n\n<p>Ne zbatojm\u00eb masa proaktive t\u00eb menaxhimit t\u00eb rrezikut p\u00ebr t\u00eb mbrojtur biznesin tuaj nga paq\u00ebndrueshm\u00ebria e tregut. Strategjit\u00eb tona mbrojt\u00ebse synojn\u00eb t\u00eb stabilizojn\u00eb kostot e energjis\u00eb dhe t\u00eb ofrojn\u00eb siguri financiare.<\/p>\n\n\n\n<p><\/p>\n\n\n\n<p>N\u00ebp\u00ebrmjet vler\u00ebsimit t\u00eb kujdessh\u00ebm t\u00eb nevojave tuaja p\u00ebr energji, ne optimizojm\u00eb portofolin tuaj t\u00eb furnizimit p\u00ebr t\u00eb siguruar nj\u00eb furnizim t\u00eb besuesh\u00ebm dhe me kosto efektive. Kjo p\u00ebrfshin marrjen n\u00eb konsiderat\u00eb t\u00eb nj\u00eb p\u00ebrzierje t\u00eb burimeve konvencionale dhe t\u00eb rinovueshme.<\/p>\n\n\n\n<p><\/p>\n\n\n\n<p>Ne shfryt\u00ebzojm\u00eb marr\u00ebdh\u00ebniet tona t\u00eb industris\u00eb dhe ekspertiz\u00ebn e negociatave p\u00ebr t\u00eb siguruar kontrata t\u00eb favorshme p\u00ebr furnizimin me energji elektrike. Ekipi yn\u00eb gjithashtu ofron menaxhim t\u00eb vazhduesh\u00ebm t\u00eb kontrat\u00ebs p\u00ebr t\u00eb siguruar pajtueshm\u00ebrin\u00eb dhe performanc\u00ebn.<\/p>\n\n\n\n<p><\/p>\n\n\n\n<p>Si avokat\u00eb t\u00eb q\u00ebndrueshm\u00ebris\u00eb, ne ndihmojm\u00eb n\u00eb blerjen e energjis\u00eb s\u00eb rinovueshme nga burime t\u00eb ndryshme, si dielli, era dhe hidrocentralet, p\u00ebr t\u00eb p\u00ebrmbushur q\u00ebllimet tuaja mjedisore dhe k\u00ebrkesat rregullatore.<\/p>\n\n\n\n<p><\/p>\n\n\n\n<p>Qasja jon\u00eb strategjike p\u00ebr tregtimin dhe furnizimin me energji synon t\u00eb minimizoj\u00eb kostot dhe t\u00eb maksimizoj\u00eb kursimet, duke kontribuar n\u00eb vler\u00ebn tuaj p\u00ebrfundimtare. N\u00ebp\u00ebrmjet optimizimit t\u00eb kujdessh\u00ebm t\u00eb portofolit dhe menaxhimit t\u00eb kontratave, ne sigurojm\u00eb nj\u00eb furnizim t\u00eb q\u00ebndruesh\u00ebm dhe t\u00eb besuesh\u00ebm t\u00eb energjis\u00eb p\u00ebr t\u00eb p\u00ebrmbushur nevojat tuaja operacionale.<\/p>\n\n\n\n<p><\/p>\n\n\n\n<h3 class=\"wp-block-heading\">Portofoli i plot\u00eb i sh\u00ebrbimeve tona<\/h3>\n\n\n\n<ul class=\"wp-block-list\">\n<li><a href=\"https:\/\/stc.al\/sq\/services\/energy-projects\/\">Projekte n\u00eb Impiante Energjitike<\/a><\/li>\n\n\n\n<li><a href=\"https:\/\/stc.al\/sq\/services\/power-trading-supply\/\">Tregetim &amp; furnizim me energji elektrike<\/a><\/li>\n\n\n\n<li><a href=\"https:\/\/stc.al\/sq\/services\/other-non-energy-services\/\">Sh\u00ebrbime t\u00eb tjera n\u00eb fush\u00ebn e energjis\u00eb<\/a><\/li>\n\n\n\n<li><a href=\"https:\/\/stc.al\/sq\/services\/administrative-support-2\/\">Sherbime Administrative<\/a><\/li>\n\n\n\n<li><a href=\"https:\/\/stc.al\/sq\/services\/administrative-support\/\">Brokerim ne Sigurime<\/a><\/li>\n<\/ul>","protected":false},"excerpt":{"rendered":"<p>Empowering Your Energy Portfolio with Strategic Trading and Reliable Supply. At STC, we offer a [&hellip;]<\/p>\n","protected":false},"author":1,"featured_media":3037,"parent":3171,"menu_order":0,"comment_status":"closed","ping_status":"closed","template":"","meta":{"footnotes":""},"class_list":["post-3100","page","type-page","status-publish","has-post-thumbnail","hentry"],"_links":{"self":[{"href":"https:\/\/stc.al\/sq\/wp-json\/wp\/v2\/pages\/3100","targetHints":{"allow":["GET"]}}],"collection":[{"href":"https:\/\/stc.al\/sq\/wp-json\/wp\/v2\/pages"}],"about":[{"href":"https:\/\/stc.al\/sq\/wp-json\/wp\/v2\/types\/page"}],"author":[{"embeddable":true,"href":"https:\/\/stc.al\/sq\/wp-json\/wp\/v2\/users\/1"}],"replies":[{"embeddable":true,"href":"https:\/\/stc.al\/sq\/wp-json\/wp\/v2\/comments?post=3100"}],"version-history":[{"count":1,"href":"https:\/\/stc.al\/sq\/wp-json\/wp\/v2\/pages\/3100\/revisions"}],"predecessor-version":[{"id":3619,"href":"https:\/\/stc.al\/sq\/wp-json\/wp\/v2\/pages\/3100\/revisions\/3619"}],"up":[{"embeddable":true,"href":"https:\/\/stc.al\/sq\/wp-json\/wp\/v2\/pages\/3171"}],"wp:featuredmedia":[{"embeddable":true,"href":"https:\/\/stc.al\/sq\/wp-json\/wp\/v2\/media\/3037"}],"wp:attachment":[{"href":"https:\/\/stc.al\/sq\/wp-json\/wp\/v2\/media?parent=3100"}],"curies":[{"name":"wp","href":"https:\/\/api.w.org\/{rel}","templated":true}]}}