{"id":3171,"date":"2023-10-19T09:00:04","date_gmt":"2023-10-19T09:00:04","guid":{"rendered":"https:\/\/stc.al\/wp\/?page_id=3171"},"modified":"2023-10-31T13:30:08","modified_gmt":"2023-10-31T12:30:08","slug":"services","status":"publish","type":"page","link":"https:\/\/stc.al\/sq\/services\/","title":{"rendered":"Sherbime"},"content":{"rendered":"<p><em>Optimizimi i Operacioneve, Maksimizimi i t\u00eb Ardhurave<\/em><\/p>\n\n\n\n<p>N\u00eb STC, ne ofrojm\u00eb nj\u00eb grup dinamik sh\u00ebrbimesh t\u00eb p\u00ebrshtatura p\u00ebr pronar\u00ebt dhe operator\u00ebt e termocentraleve. Sh\u00ebrbimet tona t\u00eb Menaxhimit dhe Tregtis\u00eb s\u00eb Termocentraleve jan\u00eb krijuar p\u00ebr t\u00eb p\u00ebrmir\u00ebsuar operacionet, p\u00ebr t\u00eb rritur efikasitetin dhe p\u00ebr t\u00eb zhbllokuar potencialin e plot\u00eb t\u00eb aseteve tuaja t\u00eb energjis\u00eb. Me nj\u00eb ekip profesionist\u00ebsh me p\u00ebrvoj\u00eb dhe nj\u00eb kuptim t\u00eb thell\u00eb t\u00eb tregut t\u00eb energjis\u00eb, ne jemi t\u00eb p\u00ebrkushtuar t\u00eb ofrojm\u00eb rezultate q\u00eb fuqizojn\u00eb suksesin tuaj. <\/p>\n\n\n\n<p>Ne ndihmojm\u00eb klient\u00ebt n\u00eb p\u00ebrgatitjen e dokumentacionit ligjor dhe administrativ p\u00ebr marrjen e kontrat\u00ebs me koncesion dhe\/ose PPP p\u00ebr nd\u00ebrtimin e projekteve t\u00eb IPP-ve me baz\u00eb Hidro, Er\u00eb, Diellor dhe \u00e7do lloj infrastrukture tjet\u00ebr.<br><\/p>\n\n\n\n<p><\/p>\n\n\n\n<p><strong><strong>P\u00ebrgatitja e planit t\u00eb biznesit dhe zhvillimi i projektit:<\/strong><\/strong>:<\/p>\n\n\n\n<p>Ekspert\u00ebt tan\u00eb marrin nj\u00eb qasje holistike p\u00ebr t\u00eb ndjekur dhe drejtuar procesin e aplikimit deri n\u00eb dh\u00ebnien e kontrat\u00ebs me koncesion\/PPP dhe m\u00eb gjer\u00eb.\nMenaxhoni kontrat\u00ebn e koncesionit\/PPP gjat\u00eb gjith\u00eb periudh\u00ebs s\u00eb vlefshm\u00ebris\u00eb dhe merruni me pal\u00ebt p\u00ebrkat\u00ebse t\u00eb interesit.\nSh\u00ebrbime nd\u00ebrmjet\u00ebsimi p\u00ebr lidhjen e marr\u00ebveshjeve nd\u00ebrmjet shoq\u00ebrive private dhe\/ose subjekteve private dhe publike.<\/p>\n\n\n\n<p><\/p>\n\n\n\n<p><strong>Analiza e tregut dhe strategjit\u00eb e tregtimit:<\/strong><\/p>\n\n\n\n<p>P\u00ebrdorni njohurit\u00eb tona t\u00eb thella t\u00eb tregut p\u00ebr t\u00eb maksimizuar p\u00ebrfitimin. Ne zhvillojm\u00eb dhe ekzekutojm\u00eb strategji tregtare t\u00eb p\u00ebrshtatura p\u00ebr portofolin tuaj specifik t\u00eb energjis\u00eb, duke zbutur rreziqet dhe duke kapitalizuar mund\u00ebsit\u00eb e tregut.<\/p>\n\n\n\n<p><\/p>\n\n\n\n<p><strong>Pajtueshm\u00ebria rregullatore dhe raportimi:<\/strong><\/p>\n\n\n\n<p>Operimi n\u00eb p\u00ebrputhje me rregulloret e industris\u00eb \u00ebsht\u00eb i domosdosh\u00ebm. Ekipi yn\u00eb qart\u00ebson kompleksitetin rregullator, duke siguruar q\u00eb impianti juaj t\u00eb plot\u00ebsoj\u00eb t\u00eb gjitha k\u00ebrkesat e nevojshme dhe t\u00eb ruan standardet m\u00eb t\u00eb larta t\u00eb pajtueshm\u00ebris\u00eb mjedisore dhe operacionale. P\u00ebrgatitja e dokumentacionit ligjor dhe administrativ p\u00ebr marrjen e licencave t\u00eb tregtimit dhe furnizimit me energji elektrike t\u00eb l\u00ebshuara nga Enti Rregullator.<\/p>\n\n\n\n<p><\/p>\n\n\n\n<p><strong>Menaxhimi i riskut dhe optimizimi financiar:<\/strong><\/p>\n\n\n\n<p>Ne zbatojm\u00eb strategji t\u00eb fuqishme t\u00eb menaxhimit t\u00eb rrezikut p\u00ebr t\u00eb mbrojtur investimet tuaja. Nga mbrojtja kund\u00ebr paq\u00ebndrueshm\u00ebris\u00eb s\u00eb tregut te planifikimi financiar, ne punojm\u00eb p\u00ebr t\u00eb optimizuar rezultatet tuaja financiare. Sh\u00ebrbimi i rimbursimit t\u00eb TVSH-s\u00eb, shlyerja doganore dhe \u00e7\u00ebshtje t\u00eb tjera t\u00eb lidhura me taksat.<\/p>\n\n\n\n<p><\/p>\n\n\n\n<p><strong>Nd\u00ebrmjet\u00ebsimi n\u00eb Sigurime:<\/strong><\/p>\n\n\n\n<p>Ne ofrojm\u00eb nj\u00eb gam\u00eb t\u00eb gjer\u00eb sh\u00ebrbimesh t\u00eb nd\u00ebrmjet\u00ebsimit t\u00eb sigurimeve t\u00eb krijuara p\u00ebr t'i ofruar bizneseve mbrojtjen q\u00eb u nevojitet. Ekipi yn\u00eb i p\u00ebrkushtuar merr koh\u00eb p\u00ebr t\u00eb kuptuar nevojat unike t\u00eb biznesit tuaj, duke ju ofruar zgjidhje sigurimesh t\u00eb p\u00ebrshtatura. Si nd\u00ebrmjet\u00ebsi juaj i besuar i sigurimeve, ne shfryt\u00ebzojm\u00eb ekspertiz\u00ebn ton\u00eb dhe njohurit\u00eb e industris\u00eb p\u00ebr t'ju paraqitur  opsionet m\u00eb t\u00eb p\u00ebrshtatshme t\u00eb mbulimit nga nj\u00eb rrjet i gjer\u00eb ofruesish sigurimesh. <\/p>\n\n\n\n<p><\/p>\n\n\n\n<h3 class=\"wp-block-heading\">Portofoli i plot\u00eb i sh\u00ebrbimeve tona<\/h3>\n\n\n\n<ul class=\"wp-block-list\">\n<li><a href=\"https:\/\/stc.al\/sq\/services\/energy-projects\/\">Projekte n\u00eb Impiante Energjitike<\/a><\/li>\n\n\n\n<li><a href=\"https:\/\/stc.al\/sq\/services\/power-trading-supply\/\">Tregetim &amp; furnizim me energji elektrike<\/a><\/li>\n\n\n\n<li><a href=\"https:\/\/stc.al\/sq\/services\/other-non-energy-services\/\">Sh\u00ebrbime t\u00eb tjera n\u00eb fush\u00ebn e energjis\u00eb<\/a><\/li>\n\n\n\n<li><a href=\"https:\/\/stc.al\/sq\/services\/administrative-support-2\/\">Sherbime Administrative<\/a><\/li>\n\n\n\n<li><a href=\"https:\/\/stc.al\/sq\/services\/administrative-support\/\">Brokerim ne Sigurime<\/a><\/li>\n<\/ul>","protected":false},"excerpt":{"rendered":"<p>Optimizing Operations, Maximizing Returns At STC, we offer a dynamic suite of services tailored to [&hellip;]<\/p>\n","protected":false},"author":1,"featured_media":3173,"parent":0,"menu_order":0,"comment_status":"closed","ping_status":"closed","template":"","meta":{"footnotes":""},"class_list":["post-3171","page","type-page","status-publish","has-post-thumbnail","hentry"],"_links":{"self":[{"href":"https:\/\/stc.al\/sq\/wp-json\/wp\/v2\/pages\/3171","targetHints":{"allow":["GET"]}}],"collection":[{"href":"https:\/\/stc.al\/sq\/wp-json\/wp\/v2\/pages"}],"about":[{"href":"https:\/\/stc.al\/sq\/wp-json\/wp\/v2\/types\/page"}],"author":[{"embeddable":true,"href":"https:\/\/stc.al\/sq\/wp-json\/wp\/v2\/users\/1"}],"replies":[{"embeddable":true,"href":"https:\/\/stc.al\/sq\/wp-json\/wp\/v2\/comments?post=3171"}],"version-history":[{"count":13,"href":"https:\/\/stc.al\/sq\/wp-json\/wp\/v2\/pages\/3171\/revisions"}],"predecessor-version":[{"id":3442,"href":"https:\/\/stc.al\/sq\/wp-json\/wp\/v2\/pages\/3171\/revisions\/3442"}],"wp:featuredmedia":[{"embeddable":true,"href":"https:\/\/stc.al\/sq\/wp-json\/wp\/v2\/media\/3173"}],"wp:attachment":[{"href":"https:\/\/stc.al\/sq\/wp-json\/wp\/v2\/media?parent=3171"}],"curies":[{"name":"wp","href":"https:\/\/api.w.org\/{rel}","templated":true}]}}