{"id":3174,"date":"2023-10-19T09:15:42","date_gmt":"2023-10-19T09:15:42","guid":{"rendered":"https:\/\/stc.al\/wp\/?page_id=3174"},"modified":"2023-10-25T11:03:31","modified_gmt":"2023-10-25T09:03:31","slug":"expertise","status":"publish","type":"page","link":"https:\/\/stc.al\/sq\/company\/expertise\/","title":{"rendered":"Fushat tona t\u00eb Ekspertiz\u00ebs &amp; Kualifikimet"},"content":{"rendered":"<p>Profesionist\u00ebt tan\u00eb jan\u00eb lider\u00eb t\u00eb njohur n\u00eb fushat e tyre t\u00eb zgjedhura, jo vet\u00ebm p\u00ebr nivelin e qart\u00ebsis\u00eb dhe t\u00eb kuptuarit q\u00eb sjellin, por p\u00ebr aft\u00ebsin\u00eb e tyre p\u00ebr t\u00eb identifikuar p\u00ebrgjigje praktike dhe t\u00eb zbatueshme p\u00ebr pyetjet komplekse.<\/p>\n\n\n\n<p><\/p>\n\n\n\n<p><strong>Strategjit\u00eb e Tregtimit t\u00eb Energjis\u00eb:<\/strong><\/p>\n\n\n\n<p>Zhvilloni dhe ekzekutoni strategji tregtare q\u00eb maksimizojn\u00eb p\u00ebrfitimin dhe minimizojn\u00eb rrezikun n\u00eb tregjet e energjis\u00eb.<br><\/p>\n\n\n\n<p><strong>Menaxhimi i rrezikut dhe optimizimi financiar:<\/strong><\/p>\n\n\n\n<p>Zvog\u00ebloni rreziqet dhe optimizoni performanc\u00ebn financiare p\u00ebrmes buxhetimit efektiv, planifikimit financiar dhe menaxhimit t\u00eb rrezikut.<br><\/p>\n\n\n\n<p><strong>Analiza e Tregut dhe Planifikimi Strategjik:<\/strong><\/p>\n\n\n\n<p>Fitoni njohuri t\u00eb vlefshme dhe zhvilloni strategji t\u00eb t\u00eb menduarit p\u00ebrpara p\u00ebr t\u00eb q\u00ebndruar konkurrues n\u00eb peizazhin dinamik t\u00eb tregtis\u00eb s\u00eb energjis\u00eb.<br><\/p>\n\n\n\n<p><strong>Mbrojtja dhe Pajtueshm\u00ebria me Politikat Rregullatore:<\/strong><\/p>\n\n\n\n<p>Sigurohuni q\u00eb biznesi juaj t\u00eb plot\u00ebsoj\u00eb t\u00eb gjitha k\u00ebrkesat e nevojshme rregullatore dhe t\u00eb p\u00ebrdor\u00eb zhvillimet e politikave p\u00ebr t\u00eb nxitur rritjen dhe q\u00ebndrueshm\u00ebrin\u00eb.<br><\/p>\n\n\n\n<p><strong>Zgjidhjet e brokerimit t\u00eb sigurimeve:<\/strong><\/p>\n\n\n\n<p>Kryeni nj\u00eb vler\u00ebsim t\u00eb plot\u00eb t\u00eb rreziqeve dhe ekspozimeve tuaja specifike, duke marr\u00eb parasysh rrethanat tuaja personale ose t\u00eb biznesit. <\/p>\n\n\n\n<p><strong>K\u00ebshillim p\u00ebr Tregtin\u00eb Nd\u00ebrkomb\u00ebtare:<\/strong><\/p>\n\n\n\n<p>Zgjeroni pranin\u00eb tuaj globale dhe optimizoni mund\u00ebsit\u00eb e tregtimit me sh\u00ebrbimet tona gjith\u00ebp\u00ebrfshir\u00ebse t\u00eb k\u00ebshillimit tregtar.<\/p>","protected":false},"excerpt":{"rendered":"<p>Our professionals are acknowledged leaders in their chosen fields, not only for the level of [&hellip;]<\/p>\n","protected":false},"author":1,"featured_media":3175,"parent":45,"menu_order":0,"comment_status":"closed","ping_status":"closed","template":"","meta":{"footnotes":""},"class_list":["post-3174","page","type-page","status-publish","has-post-thumbnail","hentry"],"_links":{"self":[{"href":"https:\/\/stc.al\/sq\/wp-json\/wp\/v2\/pages\/3174","targetHints":{"allow":["GET"]}}],"collection":[{"href":"https:\/\/stc.al\/sq\/wp-json\/wp\/v2\/pages"}],"about":[{"href":"https:\/\/stc.al\/sq\/wp-json\/wp\/v2\/types\/page"}],"author":[{"embeddable":true,"href":"https:\/\/stc.al\/sq\/wp-json\/wp\/v2\/users\/1"}],"replies":[{"embeddable":true,"href":"https:\/\/stc.al\/sq\/wp-json\/wp\/v2\/comments?post=3174"}],"version-history":[{"count":4,"href":"https:\/\/stc.al\/sq\/wp-json\/wp\/v2\/pages\/3174\/revisions"}],"predecessor-version":[{"id":3396,"href":"https:\/\/stc.al\/sq\/wp-json\/wp\/v2\/pages\/3174\/revisions\/3396"}],"up":[{"embeddable":true,"href":"https:\/\/stc.al\/sq\/wp-json\/wp\/v2\/pages\/45"}],"wp:featuredmedia":[{"embeddable":true,"href":"https:\/\/stc.al\/sq\/wp-json\/wp\/v2\/media\/3175"}],"wp:attachment":[{"href":"https:\/\/stc.al\/sq\/wp-json\/wp\/v2\/media?parent=3174"}],"curies":[{"name":"wp","href":"https:\/\/api.w.org\/{rel}","templated":true}]}}